{"id":2581,"date":"2022-07-11T07:19:04","date_gmt":"2022-07-11T07:19:04","guid":{"rendered":"https:\/\/armuseum.com.hr\/politika-privatnosti\/"},"modified":"2022-07-26T18:32:58","modified_gmt":"2022-07-26T18:32:58","slug":"politika-privatnosti","status":"publish","type":"page","link":"https:\/\/armuseum.com.hr\/hr\/politika-privatnosti\/","title":{"rendered":"Politika privatnosti"},"content":{"rendered":"\n<h3 class=\"wp-block-heading\">1. Uvod<\/h3>\n\n<p>Va\u0161a privatnost i za\u0161tita podataka su nam od najve\u0107e va\u017enosti. Ova Politika privatnosti predstavlja na\u0161u izjavu o za\u0161titi podataka putem koje bismo \u017eeljeli na transparentan na\u010din dati informacije o prirodi, opsegu, svrsi i uvjetima pod kojima prikupljamo, koristimo i obra\u0111ujemo osobne podatke, kao i o pravima koja Vam pripadaju kao ispitaniku. Obrada Va\u0161ih osobnih podataka \u0107e uvijek biti u skladu s Op\u0107om uredbom o za\u0161titi podataka (GDPR), kao i hrvatskim propisima o za\u0161titi osobnih podataka.  <\/p>\n\n<h3 class=\"wp-block-heading\">2. Tko je voditelj obrade podataka?<\/h3>\n\n<p>Kao voditelj obrade podataka, SVEU\u010cILI\u0160TE U ZAGREB GRAFI\u010cKI FAKULTET je implementirao brojne tehni\u010dke i organizacijske mjere kako bi osigurao sveobuhvatnu za\u0161titu osobnih podataka koji se obra\u0111uju u sklopu poslovnog odnosa s na\u0161im klijentima. U slu\u010daju da imate bilo kakvih pitanja u vezi Va\u0161ih osobnih podataka ili na\u0161ih postupaka vezanih uz za\u0161titu podataka, slobodno nas kontaktirajte: <\/p>\n\n<p>SVEU\u010cILI\u0160TE U ZAGREB GRAFI\u010cKI FAKULTET<br\/>Getaldi\u0107eva 2<br\/>10000 Zagreb<br\/>Hrvatska<\/p>\n\n<h3 class=\"wp-block-heading\">3. Osobni podaci i obrada<\/h3>\n\n<p>Osobne podatke prikupljamo i pohranjujemo isklju\u010divo u mjeri u kojoj je to potrebno za pru\u017eanje usluge i temelji se na zakonskoj osnovi, ugovornoj obvezi ili dobrovoljno danoj suglasnosti.<\/p>\n\n<p>Prilikom pohrane podataka, osobni podaci se pohranjuju na najmanjem mogu\u0107em broju mjesta na kojima su adekvatno za\u0161ti\u0107eni. Pristup osobnim podacima omogu\u0107en je isklju\u010divo na temelju poslovne potrebe.<\/p>\n\n<p>Osobni podaci se ne koriste u svrhe razvoja ili testiranja IT sustava. Gdje god je to mogu\u0107e, osobni podaci su za\u0161ti\u0107eni enkripcijom, pseudonimizacijom ili anonimizacijom.<\/p>\n\n<p>Svi osobni podaci za koje ne postoji osnova \u010duvanja, bez odlaganja se bri\u0161u ili uni\u0161tavaju.<\/p>\n\n<p>Mjera definiranih ovom politikom moraju se pridr\u017eavati svi zaposlenici GRAFI\u010cKOG FAKULTETA, kao i tre\u0107e strane koje u okviru svoje suradnje s Organizacijom ostvaruju pristup osobnim podacima.<\/p>\n\n<p>Va\u0161e osobne podatke ne prenosimo u tre\u0107e zemlje, a ukoliko se za to poka\u017ee potreba zatra\u017eit \u0107emo Va\u0161u izri\u010ditu suglasnost za to.<\/p>\n\n<h3 class=\"wp-block-heading\">4. Pravo na pristup<\/h3>\n\n<p>Imate pravo zahtijevati od nas potvrdu koju kategoriju Va\u0161ih osobnih podataka obra\u0111ujemo, u koju svrhu, dijelimo li Va\u0161e podatke s nekime, koliko \u0107e dugo ostati pohranjeni itd.<\/p>\n\n<p>Imati pravo zahtijevati ispravak Va\u0161ih osobnih podataka koji su neto\u010dni, kao i pravo da se dopune Va\u0161i nepotpuni osobni podaci, te da se obri\u0161u Va\u0161i podaci ukoliko ne postoji ni jedna pravna osnova za njihovu daljnju obradu.<\/p>\n\n<p>Ako imate pitanja o na\u0161em postupanju s podacima ili o ostvarivanju Va\u0161ih prava, slobodno nas kontaktirajte e-mailom na info@armuseum.com.hr.<\/p>\n\n<h3 class=\"wp-block-heading\">5. Za\u0161tita osobnih podataka<\/h3>\n\n<p>U slu\u010daju da, usprkos svim poduzetim sigurnosnim mjerama, povjerljivost ili dostupnost Va\u0161ih osobnih podataka bude na neki na\u010din ugro\u017eena, odmah \u0107emo obavijestiti nadle\u017eno nadzorno tijelo i\/ili Vas kao ispitanika, u skladu s primjenjivim europskim i nacionalnim propisima.<\/p>\n\n<h3 class=\"wp-block-heading\">6. Upotreba kola\u010di\u0107a<\/h3>\n\n<p>Na\u0161a web stranica koristi samo one kola\u010di\u0107e koji su neophodno potrebni za funkcioniranje web stranice.<\/p>\n\n<p>Ne koristimo kola\u010di\u0107e za:<\/p>\n\n<ul class=\"wp-block-list\"><li>Prikupljanje bilo kakvih osobnih identifikacijskih informacija (bez va\u0161eg izri\u010ditog pristanka)<\/li><li>Prikupljanje osjetljivih informacija (bez va\u0161eg izri\u010ditog pristanka)<\/li><li>Proslje\u0111ivanje va\u0161ih podataka tre\u0107im stranama<\/li><\/ul>\n\n<h3 class=\"wp-block-heading\">7. Isklju\u010divanje kola\u010di\u0107a<\/h3>\n\n<p>Uobi\u010dajeno mo\u017eete isklju\u010diti kola\u010di\u0107e tako \u0161to podesite postavke svog web preglednika da prestane s prihva\u0107anjem kola\u010di\u0107a (upute za isklju\u010divanje mo\u017eete prona\u0107i <a href=\"https:\/\/www.attacat.co.uk\/resources\/cookies\/how-to-ban\" target=\"_blank\" rel=\"noreferrer noopener\">ovdje<\/a>). Ukoliko to u\u010dinite najvjerojatnije \u0107ete ograni\u010diti funkcionalnost na\u0161e web stranice kao i velikog broja drugih web stranica budu\u0107i da su kola\u010di\u0107i standardan dio ve\u0107ine modernih web stranica.<\/p>\n\n<p>Ova Politika privatnosti se primjenjuje od 15.07.2022.<\/p>\n","protected":false},"excerpt":{"rendered":"<p>1. Uvod Va\u0161a privatnost i za\u0161tita podataka su nam od najve\u0107e va\u017enosti. Ova Politika privatnosti predstavlja na\u0161u izjavu o za\u0161titi podataka putem koje bismo \u017eeljeli na transparentan na\u010din dati informacije o prirodi, opsegu, svrsi i uvjetima pod kojima prikupljamo, koristimo i obra\u0111ujemo osobne podatke, kao i o pravima koja Vam pripadaju kao ispitaniku. Obrada Va\u0161ih [&hellip;]<\/p>\n","protected":false},"author":1,"featured_media":0,"parent":0,"menu_order":0,"comment_status":"closed","ping_status":"closed","template":"","meta":{"site-sidebar-layout":"default","site-content-layout":"","ast-site-content-layout":"default","site-content-style":"default","site-sidebar-style":"default","ast-global-header-display":"","ast-banner-title-visibility":"","ast-main-header-display":"","ast-hfb-above-header-display":"","ast-hfb-below-header-display":"","ast-hfb-mobile-header-display":"","site-post-title":"","ast-breadcrumbs-content":"","ast-featured-img":"","footer-sml-layout":"","ast-disable-related-posts":"","theme-transparent-header-meta":"","adv-header-id-meta":"","stick-header-meta":"","header-above-stick-meta":"","header-main-stick-meta":"","header-below-stick-meta":"","astra-migrate-meta-layouts":"default","ast-page-background-enabled":"default","ast-page-background-meta":{"desktop":{"background-color":"","background-image":"","background-repeat":"repeat","background-position":"center center","background-size":"auto","background-attachment":"scroll","background-type":"","background-media":"","overlay-type":"","overlay-color":"","overlay-opacity":"","overlay-gradient":""},"tablet":{"background-color":"","background-image":"","background-repeat":"repeat","background-position":"center center","background-size":"auto","background-attachment":"scroll","background-type":"","background-media":"","overlay-type":"","overlay-color":"","overlay-opacity":"","overlay-gradient":""},"mobile":{"background-color":"","background-image":"","background-repeat":"repeat","background-position":"center center","background-size":"auto","background-attachment":"scroll","background-type":"","background-media":"","overlay-type":"","overlay-color":"","overlay-opacity":"","overlay-gradient":""}},"ast-content-background-meta":{"desktop":{"background-color":"var(--ast-global-color-5)","background-image":"","background-repeat":"repeat","background-position":"center center","background-size":"auto","background-attachment":"scroll","background-type":"","background-media":"","overlay-type":"","overlay-color":"","overlay-opacity":"","overlay-gradient":""},"tablet":{"background-color":"var(--ast-global-color-5)","background-image":"","background-repeat":"repeat","background-position":"center center","background-size":"auto","background-attachment":"scroll","background-type":"","background-media":"","overlay-type":"","overlay-color":"","overlay-opacity":"","overlay-gradient":""},"mobile":{"background-color":"var(--ast-global-color-5)","background-image":"","background-repeat":"repeat","background-position":"center center","background-size":"auto","background-attachment":"scroll","background-type":"","background-media":"","overlay-type":"","overlay-color":"","overlay-opacity":"","overlay-gradient":""}},"footnotes":""},"class_list":["post-2581","page","type-page","status-publish","hentry"],"yoast_head":"<!-- This site is optimized with the Yoast SEO plugin v27.5 - https:\/\/yoast.com\/product\/yoast-seo-wordpress\/ -->\n<title>Politika privatnosti - ARmuseum<\/title>\n<meta name=\"robots\" content=\"index, follow, max-snippet:-1, max-image-preview:large, max-video-preview:-1\" \/>\n<link rel=\"canonical\" href=\"https:\/\/armuseum.com.hr\/hr\/politika-privatnosti\/\" \/>\n<meta property=\"og:locale\" content=\"hr_HR\" \/>\n<meta property=\"og:type\" content=\"article\" \/>\n<meta property=\"og:title\" content=\"Politika privatnosti - ARmuseum\" \/>\n<meta property=\"og:description\" content=\"1. Uvod Va\u0161a privatnost i za\u0161tita podataka su nam od najve\u0107e va\u017enosti. Ova Politika privatnosti predstavlja na\u0161u izjavu o za\u0161titi podataka putem koje bismo \u017eeljeli na transparentan na\u010din dati informacije o prirodi, opsegu, svrsi i uvjetima pod kojima prikupljamo, koristimo i obra\u0111ujemo osobne podatke, kao i o pravima koja Vam pripadaju kao ispitaniku. Obrada Va\u0161ih [&hellip;]\" \/>\n<meta property=\"og:url\" content=\"https:\/\/armuseum.com.hr\/hr\/politika-privatnosti\/\" \/>\n<meta property=\"og:site_name\" content=\"ARmuseum\" \/>\n<meta property=\"article:modified_time\" content=\"2022-07-26T18:32:58+00:00\" \/>\n<meta name=\"twitter:card\" content=\"summary_large_image\" \/>\n<meta name=\"twitter:label1\" content=\"Procijenjeno vrijeme \u010ditanja\" \/>\n\t<meta name=\"twitter:data1\" content=\"3 minute\" \/>\n<script type=\"application\/ld+json\" class=\"yoast-schema-graph\">{\"@context\":\"https:\\\/\\\/schema.org\",\"@graph\":[{\"@type\":\"WebPage\",\"@id\":\"https:\\\/\\\/armuseum.com.hr\\\/hr\\\/politika-privatnosti\\\/\",\"url\":\"https:\\\/\\\/armuseum.com.hr\\\/hr\\\/politika-privatnosti\\\/\",\"name\":\"Politika privatnosti - ARmuseum\",\"isPartOf\":{\"@id\":\"https:\\\/\\\/armuseum.com.hr\\\/hr\\\/#website\"},\"datePublished\":\"2022-07-11T07:19:04+00:00\",\"dateModified\":\"2022-07-26T18:32:58+00:00\",\"breadcrumb\":{\"@id\":\"https:\\\/\\\/armuseum.com.hr\\\/hr\\\/politika-privatnosti\\\/#breadcrumb\"},\"inLanguage\":\"hr\",\"potentialAction\":[{\"@type\":\"ReadAction\",\"target\":[\"https:\\\/\\\/armuseum.com.hr\\\/hr\\\/politika-privatnosti\\\/\"]}]},{\"@type\":\"BreadcrumbList\",\"@id\":\"https:\\\/\\\/armuseum.com.hr\\\/hr\\\/politika-privatnosti\\\/#breadcrumb\",\"itemListElement\":[{\"@type\":\"ListItem\",\"position\":1,\"name\":\"Home\",\"item\":\"https:\\\/\\\/armuseum.com.hr\\\/hr\\\/pocetna\\\/\"},{\"@type\":\"ListItem\",\"position\":2,\"name\":\"Politika privatnosti\"}]},{\"@type\":\"WebSite\",\"@id\":\"https:\\\/\\\/armuseum.com.hr\\\/hr\\\/#website\",\"url\":\"https:\\\/\\\/armuseum.com.hr\\\/hr\\\/\",\"name\":\"ARmuseum\",\"description\":\"Research and Application Demonstration on Key Technologies of AR Information Service in Museum Based on 4G\\\/5G\",\"publisher\":{\"@id\":\"https:\\\/\\\/armuseum.com.hr\\\/hr\\\/#organization\"},\"potentialAction\":[{\"@type\":\"SearchAction\",\"target\":{\"@type\":\"EntryPoint\",\"urlTemplate\":\"https:\\\/\\\/armuseum.com.hr\\\/hr\\\/?s={search_term_string}\"},\"query-input\":{\"@type\":\"PropertyValueSpecification\",\"valueRequired\":true,\"valueName\":\"search_term_string\"}}],\"inLanguage\":\"hr\"},{\"@type\":\"Organization\",\"@id\":\"https:\\\/\\\/armuseum.com.hr\\\/hr\\\/#organization\",\"name\":\"Razvoj i demonstracija aplikacije za muzejske informacijske usluge temeljene na klju\u010dnim tehnologijama oboga\u0107ene stvarnosti (AR) i 4G\\\/5G mre\u017ei\",\"url\":\"https:\\\/\\\/armuseum.com.hr\\\/hr\\\/\",\"logo\":{\"@type\":\"ImageObject\",\"inLanguage\":\"hr\",\"@id\":\"https:\\\/\\\/armuseum.com.hr\\\/hr\\\/#\\\/schema\\\/logo\\\/image\\\/\",\"url\":\"https:\\\/\\\/armuseum.com.hr\\\/wp-content\\\/uploads\\\/2022\\\/07\\\/armuseum-f2.png\",\"contentUrl\":\"https:\\\/\\\/armuseum.com.hr\\\/wp-content\\\/uploads\\\/2022\\\/07\\\/armuseum-f2.png\",\"width\":297,\"height\":297,\"caption\":\"Razvoj i demonstracija aplikacije za muzejske informacijske usluge temeljene na klju\u010dnim tehnologijama oboga\u0107ene stvarnosti (AR) i 4G\\\/5G mre\u017ei\"},\"image\":{\"@id\":\"https:\\\/\\\/armuseum.com.hr\\\/hr\\\/#\\\/schema\\\/logo\\\/image\\\/\"}}]}<\/script>\n<!-- \/ Yoast SEO plugin. -->","yoast_head_json":{"title":"Politika privatnosti - ARmuseum","robots":{"index":"index","follow":"follow","max-snippet":"max-snippet:-1","max-image-preview":"max-image-preview:large","max-video-preview":"max-video-preview:-1"},"canonical":"https:\/\/armuseum.com.hr\/hr\/politika-privatnosti\/","og_locale":"hr_HR","og_type":"article","og_title":"Politika privatnosti - ARmuseum","og_description":"1. Uvod Va\u0161a privatnost i za\u0161tita podataka su nam od najve\u0107e va\u017enosti. Ova Politika privatnosti predstavlja na\u0161u izjavu o za\u0161titi podataka putem koje bismo \u017eeljeli na transparentan na\u010din dati informacije o prirodi, opsegu, svrsi i uvjetima pod kojima prikupljamo, koristimo i obra\u0111ujemo osobne podatke, kao i o pravima koja Vam pripadaju kao ispitaniku. Obrada Va\u0161ih [&hellip;]","og_url":"https:\/\/armuseum.com.hr\/hr\/politika-privatnosti\/","og_site_name":"ARmuseum","article_modified_time":"2022-07-26T18:32:58+00:00","twitter_card":"summary_large_image","twitter_misc":{"Procijenjeno vrijeme \u010ditanja":"3 minute"},"schema":{"@context":"https:\/\/schema.org","@graph":[{"@type":"WebPage","@id":"https:\/\/armuseum.com.hr\/hr\/politika-privatnosti\/","url":"https:\/\/armuseum.com.hr\/hr\/politika-privatnosti\/","name":"Politika privatnosti - ARmuseum","isPartOf":{"@id":"https:\/\/armuseum.com.hr\/hr\/#website"},"datePublished":"2022-07-11T07:19:04+00:00","dateModified":"2022-07-26T18:32:58+00:00","breadcrumb":{"@id":"https:\/\/armuseum.com.hr\/hr\/politika-privatnosti\/#breadcrumb"},"inLanguage":"hr","potentialAction":[{"@type":"ReadAction","target":["https:\/\/armuseum.com.hr\/hr\/politika-privatnosti\/"]}]},{"@type":"BreadcrumbList","@id":"https:\/\/armuseum.com.hr\/hr\/politika-privatnosti\/#breadcrumb","itemListElement":[{"@type":"ListItem","position":1,"name":"Home","item":"https:\/\/armuseum.com.hr\/hr\/pocetna\/"},{"@type":"ListItem","position":2,"name":"Politika privatnosti"}]},{"@type":"WebSite","@id":"https:\/\/armuseum.com.hr\/hr\/#website","url":"https:\/\/armuseum.com.hr\/hr\/","name":"ARmuseum","description":"Research and Application Demonstration on Key Technologies of AR Information Service in Museum Based on 4G\/5G","publisher":{"@id":"https:\/\/armuseum.com.hr\/hr\/#organization"},"potentialAction":[{"@type":"SearchAction","target":{"@type":"EntryPoint","urlTemplate":"https:\/\/armuseum.com.hr\/hr\/?s={search_term_string}"},"query-input":{"@type":"PropertyValueSpecification","valueRequired":true,"valueName":"search_term_string"}}],"inLanguage":"hr"},{"@type":"Organization","@id":"https:\/\/armuseum.com.hr\/hr\/#organization","name":"Razvoj i demonstracija aplikacije za muzejske informacijske usluge temeljene na klju\u010dnim tehnologijama oboga\u0107ene stvarnosti (AR) i 4G\/5G mre\u017ei","url":"https:\/\/armuseum.com.hr\/hr\/","logo":{"@type":"ImageObject","inLanguage":"hr","@id":"https:\/\/armuseum.com.hr\/hr\/#\/schema\/logo\/image\/","url":"https:\/\/armuseum.com.hr\/wp-content\/uploads\/2022\/07\/armuseum-f2.png","contentUrl":"https:\/\/armuseum.com.hr\/wp-content\/uploads\/2022\/07\/armuseum-f2.png","width":297,"height":297,"caption":"Razvoj i demonstracija aplikacije za muzejske informacijske usluge temeljene na klju\u010dnim tehnologijama oboga\u0107ene stvarnosti (AR) i 4G\/5G mre\u017ei"},"image":{"@id":"https:\/\/armuseum.com.hr\/hr\/#\/schema\/logo\/image\/"}}]}},"_links":{"self":[{"href":"https:\/\/armuseum.com.hr\/hr\/wp-json\/wp\/v2\/pages\/2581","targetHints":{"allow":["GET"]}}],"collection":[{"href":"https:\/\/armuseum.com.hr\/hr\/wp-json\/wp\/v2\/pages"}],"about":[{"href":"https:\/\/armuseum.com.hr\/hr\/wp-json\/wp\/v2\/types\/page"}],"author":[{"embeddable":true,"href":"https:\/\/armuseum.com.hr\/hr\/wp-json\/wp\/v2\/users\/1"}],"replies":[{"embeddable":true,"href":"https:\/\/armuseum.com.hr\/hr\/wp-json\/wp\/v2\/comments?post=2581"}],"version-history":[{"count":1,"href":"https:\/\/armuseum.com.hr\/hr\/wp-json\/wp\/v2\/pages\/2581\/revisions"}],"predecessor-version":[{"id":2582,"href":"https:\/\/armuseum.com.hr\/hr\/wp-json\/wp\/v2\/pages\/2581\/revisions\/2582"}],"wp:attachment":[{"href":"https:\/\/armuseum.com.hr\/hr\/wp-json\/wp\/v2\/media?parent=2581"}],"curies":[{"name":"wp","href":"https:\/\/api.w.org\/{rel}","templated":true}]}}