{"id":2592,"date":"2020-12-17T01:48:43","date_gmt":"2020-12-17T01:48:43","guid":{"rendered":"https:\/\/armuseum.com.hr\/kontakt\/"},"modified":"2022-07-26T20:05:07","modified_gmt":"2022-07-26T20:05:07","slug":"kontakt","status":"publish","type":"page","link":"https:\/\/armuseum.com.hr\/hr\/kontakt\/","title":{"rendered":"Kontakt"},"content":{"rendered":"\t\t<div data-elementor-type=\"wp-page\" data-elementor-id=\"2592\" class=\"elementor elementor-2592 elementor-919\">\n\t\t\t\t\t\t<section class=\"elementor-section elementor-top-section elementor-element elementor-element-ff5ac0b elementor-section-boxed elementor-section-height-default elementor-section-height-default\" data-id=\"ff5ac0b\" data-element_type=\"section\" data-e-type=\"section\" data-settings=\"{&quot;background_background&quot;:&quot;classic&quot;}\">\n\t\t\t\t\t\t<div class=\"elementor-container elementor-column-gap-no\">\n\t\t\t\t\t<div class=\"elementor-column elementor-col-50 elementor-top-column elementor-element elementor-element-715cad7\" data-id=\"715cad7\" data-element_type=\"column\" data-e-type=\"column\">\n\t\t\t<div class=\"elementor-widget-wrap elementor-element-populated\">\n\t\t\t\t\t\t<div class=\"elementor-element elementor-element-38d049c elementor-widget elementor-widget-heading\" data-id=\"38d049c\" data-element_type=\"widget\" data-e-type=\"widget\" data-widget_type=\"heading.default\">\n\t\t\t\t<div class=\"elementor-widget-container\">\n\t\t\t\t\t<h1 class=\"elementor-heading-title elementor-size-default\">Kontakt<\/h1>\t\t\t\t<\/div>\n\t\t\t\t<\/div>\n\t\t\t\t<div class=\"elementor-element elementor-element-1625d65 elementor-widget elementor-widget-text-editor\" data-id=\"1625d65\" data-element_type=\"widget\" data-e-type=\"widget\" data-widget_type=\"text-editor.default\">\n\t\t\t\t<div class=\"elementor-widget-container\">\n\t\t\t\t\t\t\t\t\t<p>Kontaktirajte nas za vi\u0161e informacija o projektu &#8220;Razvoj i demonstracija aplikacije za muzejske informacijske usluge temeljene na klju\u010dnim tehnologijama oboga\u0107ene stvarnosti (AR) i 4G\/5G mre\u017ei&#8221;.<\/p>\t\t\t\t\t\t\t\t<\/div>\n\t\t\t\t<\/div>\n\t\t\t\t\t<\/div>\n\t\t<\/div>\n\t\t\t\t<div class=\"elementor-column elementor-col-50 elementor-top-column elementor-element elementor-element-3e9bf52\" data-id=\"3e9bf52\" data-element_type=\"column\" data-e-type=\"column\" data-settings=\"{&quot;background_background&quot;:&quot;classic&quot;}\">\n\t\t\t<div class=\"elementor-widget-wrap elementor-element-populated\">\n\t\t\t\t\t\t<div class=\"elementor-element elementor-element-97ef2df elementor-view-stacked elementor-position-inline-start elementor-shape-circle elementor-mobile-position-block-start elementor-widget elementor-widget-icon-box\" data-id=\"97ef2df\" data-element_type=\"widget\" data-e-type=\"widget\" data-widget_type=\"icon-box.default\">\n\t\t\t\t<div class=\"elementor-widget-container\">\n\t\t\t\t\t\t\t<div class=\"elementor-icon-box-wrapper\">\n\n\t\t\t\t\t\t<div class=\"elementor-icon-box-icon\">\n\t\t\t\t<a href=\"mailto:info@armuseum.com.hr\" class=\"elementor-icon\" tabindex=\"-1\" aria-label=\"Po\u0161aljite nam email\">\n\t\t\t\t<i aria-hidden=\"true\" class=\"fas fa-envelope\"><\/i>\t\t\t\t<\/a>\n\t\t\t<\/div>\n\t\t\t\n\t\t\t\t\t\t<div class=\"elementor-icon-box-content\">\n\n\t\t\t\t\t\t\t\t\t<h6 class=\"elementor-icon-box-title\">\n\t\t\t\t\t\t<a href=\"mailto:info@armuseum.com.hr\" >\n\t\t\t\t\t\t\tPo\u0161aljite nam email\t\t\t\t\t\t<\/a>\n\t\t\t\t\t<\/h6>\n\t\t\t\t\n\t\t\t\t\t\t\t\t\t<p class=\"elementor-icon-box-description\">\n\t\t\t\t\t\tinfo@armuseum.com.hr\t\t\t\t\t<\/p>\n\t\t\t\t\n\t\t\t<\/div>\n\t\t\t\n\t\t<\/div>\n\t\t\t\t\t\t<\/div>\n\t\t\t\t<\/div>\n\t\t\t\t\t<\/div>\n\t\t<\/div>\n\t\t\t\t\t<\/div>\n\t\t<\/section>\n\t\t\t\t<section class=\"elementor-section elementor-top-section elementor-element elementor-element-9dfbaa2 elementor-section-boxed elementor-section-height-default elementor-section-height-default\" data-id=\"9dfbaa2\" data-element_type=\"section\" data-e-type=\"section\" data-settings=\"{&quot;background_background&quot;:&quot;classic&quot;}\">\n\t\t\t\t\t\t<div class=\"elementor-container elementor-column-gap-no\">\n\t\t\t\t\t<div class=\"elementor-column elementor-col-50 elementor-top-column elementor-element elementor-element-2bb47f0\" data-id=\"2bb47f0\" data-element_type=\"column\" data-e-type=\"column\">\n\t\t\t<div class=\"elementor-widget-wrap elementor-element-populated\">\n\t\t\t\t\t\t<div class=\"elementor-element elementor-element-c97ccec elementor-widget elementor-widget-heading\" data-id=\"c97ccec\" data-element_type=\"widget\" data-e-type=\"widget\" data-widget_type=\"heading.default\">\n\t\t\t\t<div class=\"elementor-widget-container\">\n\t\t\t\t\t<h6 class=\"elementor-heading-title elementor-size-default\">Imate pitanja?<\/h6>\t\t\t\t<\/div>\n\t\t\t\t<\/div>\n\t\t\t\t<div class=\"elementor-element elementor-element-f0c4fa4 elementor-widget elementor-widget-heading\" data-id=\"f0c4fa4\" data-element_type=\"widget\" data-e-type=\"widget\" data-widget_type=\"heading.default\">\n\t\t\t\t<div class=\"elementor-widget-container\">\n\t\t\t\t\t<h2 class=\"elementor-heading-title elementor-size-default\">Po\u0161aljite nam poruku<\/h2>\t\t\t\t<\/div>\n\t\t\t\t<\/div>\n\t\t\t\t<div class=\"elementor-element elementor-element-a374c38 elementor-widget elementor-widget-text-editor\" data-id=\"a374c38\" data-element_type=\"widget\" data-e-type=\"widget\" data-widget_type=\"text-editor.default\">\n\t\t\t\t<div class=\"elementor-widget-container\">\n\t\t\t\t\t\t\t\t\t<p>Ispunite kontakt obrazac i javit \u0107emo Vam se u najkra\u0107em mogu\u0107em roku.<\/p>\t\t\t\t\t\t\t\t<\/div>\n\t\t\t\t<\/div>\n\t\t\t\t<div class=\"elementor-element elementor-element-2c4d7d4 elementor-widget-divider--view-line elementor-widget elementor-widget-divider\" data-id=\"2c4d7d4\" data-element_type=\"widget\" data-e-type=\"widget\" data-widget_type=\"divider.default\">\n\t\t\t\t<div class=\"elementor-widget-container\">\n\t\t\t\t\t\t\t<div class=\"elementor-divider\">\n\t\t\t<span class=\"elementor-divider-separator\">\n\t\t\t\t\t\t<\/span>\n\t\t<\/div>\n\t\t\t\t\t\t<\/div>\n\t\t\t\t<\/div>\n\t\t\t\t\t<\/div>\n\t\t<\/div>\n\t\t\t\t<div class=\"elementor-column elementor-col-50 elementor-top-column elementor-element elementor-element-854b5bd\" data-id=\"854b5bd\" data-element_type=\"column\" data-e-type=\"column\">\n\t\t\t<div class=\"elementor-widget-wrap elementor-element-populated\">\n\t\t\t\t\t\t<section class=\"elementor-section elementor-inner-section elementor-element elementor-element-8f6e458 elementor-section-boxed elementor-section-height-default elementor-section-height-default\" data-id=\"8f6e458\" data-element_type=\"section\" data-e-type=\"section\" data-settings=\"{&quot;background_background&quot;:&quot;classic&quot;}\">\n\t\t\t\t\t\t<div class=\"elementor-container elementor-column-gap-no\">\n\t\t\t\t\t<div class=\"elementor-column elementor-col-100 elementor-inner-column elementor-element elementor-element-19aeda5\" data-id=\"19aeda5\" data-element_type=\"column\" data-e-type=\"column\">\n\t\t\t<div class=\"elementor-widget-wrap elementor-element-populated\">\n\t\t\t\t\t\t<div class=\"elementor-element elementor-element-444bf06 elementor-widget elementor-widget-text-editor\" data-id=\"444bf06\" data-element_type=\"widget\" data-e-type=\"widget\" data-widget_type=\"text-editor.default\">\n\t\t\t\t<div class=\"elementor-widget-container\">\n\t\t\t\t\t\t\t\t\t\n<div class=\"wpcf7 no-js\" id=\"wpcf7-f2612-o1\" lang=\"hr\" dir=\"ltr\" data-wpcf7-id=\"2612\">\n<div class=\"screen-reader-response\"><p role=\"status\" aria-live=\"polite\" aria-atomic=\"true\"><\/p> <ul><\/ul><\/div>\n<form action=\"\/hr\/wp-json\/wp\/v2\/pages\/2592#wpcf7-f2612-o1\" method=\"post\" class=\"wpcf7-form init\" aria-label=\"Kontakt obrazac\" novalidate=\"novalidate\" data-status=\"init\">\n<fieldset class=\"hidden-fields-container\"><input type=\"hidden\" name=\"_wpcf7\" value=\"2612\" \/><input type=\"hidden\" name=\"_wpcf7_version\" value=\"6.1.5\" \/><input type=\"hidden\" name=\"_wpcf7_locale\" value=\"hr\" \/><input type=\"hidden\" name=\"_wpcf7_unit_tag\" value=\"wpcf7-f2612-o1\" \/><input type=\"hidden\" name=\"_wpcf7_container_post\" value=\"0\" \/><input type=\"hidden\" name=\"_wpcf7_posted_data_hash\" value=\"\" \/><input type=\"hidden\" name=\"_wpcf7_recaptcha_response\" value=\"\" \/>\n<\/fieldset>\n<p><label> Ime *<br \/>\n<span class=\"wpcf7-form-control-wrap\" data-name=\"your-name\"><input size=\"40\" maxlength=\"400\" class=\"wpcf7-form-control wpcf7-text wpcf7-validates-as-required\" aria-required=\"true\" aria-invalid=\"false\" value=\"\" type=\"text\" name=\"your-name\" \/><\/span> <\/label>\n<\/p>\n<p><label> Email *<br \/>\n<span class=\"wpcf7-form-control-wrap\" data-name=\"your-email\"><input size=\"40\" maxlength=\"400\" class=\"wpcf7-form-control wpcf7-email wpcf7-validates-as-required wpcf7-text wpcf7-validates-as-email\" aria-required=\"true\" aria-invalid=\"false\" value=\"\" type=\"email\" name=\"your-email\" \/><\/span> <\/label>\n<\/p>\n<p><label> Poruka *<br \/>\n<span class=\"wpcf7-form-control-wrap\" data-name=\"your-message\"><textarea cols=\"40\" rows=\"10\" maxlength=\"2000\" class=\"wpcf7-form-control wpcf7-textarea wpcf7-validates-as-required\" aria-required=\"true\" aria-invalid=\"false\" name=\"your-message\"><\/textarea><\/span> <\/label>\n<\/p>\n<p><span class=\"wpcf7-form-control-wrap\" data-name=\"acceptance-454\"><span class=\"wpcf7-form-control wpcf7-acceptance\"><span class=\"wpcf7-list-item\"><label><input type=\"checkbox\" name=\"acceptance-454\" value=\"1\" aria-invalid=\"false\" \/><span class=\"wpcf7-list-item-label\">Potvr\u0111ujem da sam pro\u010ditao\/la, shvatio\/la i prihvatio\/la <a href=\"\/hr\/politika-privatnosti\/\" target=\"_blank\">pravila privatnosti<\/a> ove web stranice! Sla\u017eem se da Sveu\u010dili\u0161te u Zagrebu Grafi\u010dki fakultet pohrani moje ime i email adresu u svhu daljnje komunikacije. Na vlastiti zahtjev u svakom se trenutku mogu ispisati iz evidencije, zatra\u017eiti pristup svojim podacima, te ih po \u017eelji urediti ili trajno ukloniti.<\/span><\/label><\/span><\/span><\/span>\n<\/p>\n<p><input class=\"wpcf7-form-control wpcf7-submit has-spinner\" type=\"submit\" value=\"Po\u0161aljite\" \/>\n<\/p><div class=\"wpcf7-response-output\" aria-hidden=\"true\"><\/div>\n<\/form>\n<\/div>\n\t\t\t\t\t\t\t\t<\/div>\n\t\t\t\t<\/div>\n\t\t\t\t\t<\/div>\n\t\t<\/div>\n\t\t\t\t\t<\/div>\n\t\t<\/section>\n\t\t\t\t\t<\/div>\n\t\t<\/div>\n\t\t\t\t\t<\/div>\n\t\t<\/section>\n\t\t\t\t<\/div>\n\t\t","protected":false},"excerpt":{"rendered":"<p>Kontakt Kontaktirajte nas za vi\u0161e informacija o projektu &#8220;Razvoj i demonstracija aplikacije za muzejske informacijske usluge temeljene na klju\u010dnim tehnologijama oboga\u0107ene stvarnosti (AR) i 4G\/5G mre\u017ei&#8221;. Po\u0161aljite nam email info@armuseum.com.hr Imate pitanja? Po\u0161aljite nam poruku Ispunite kontakt obrazac i javit \u0107emo Vam se u najkra\u0107em mogu\u0107em roku.<\/p>\n","protected":false},"author":1,"featured_media":0,"parent":0,"menu_order":0,"comment_status":"closed","ping_status":"closed","template":"","meta":{"site-sidebar-layout":"no-sidebar","site-content-layout":"page-builder","ast-site-content-layout":"default","site-content-style":"default","site-sidebar-style":"default","ast-global-header-display":"","ast-banner-title-visibility":"","ast-main-header-display":"","ast-hfb-above-header-display":"","ast-hfb-below-header-display":"","ast-hfb-mobile-header-display":"","site-post-title":"disabled","ast-breadcrumbs-content":"","ast-featured-img":"disabled","footer-sml-layout":"","ast-disable-related-posts":"","theme-transparent-header-meta":"enabled","adv-header-id-meta":"","stick-header-meta":"","header-above-stick-meta":"","header-main-stick-meta":"","header-below-stick-meta":"","astra-migrate-meta-layouts":"default","ast-page-background-enabled":"default","ast-page-background-meta":{"desktop":{"background-color":"","background-image":"","background-repeat":"repeat","background-position":"center center","background-size":"auto","background-attachment":"scroll","background-type":"","background-media":"","overlay-type":"","overlay-color":"","overlay-opacity":"","overlay-gradient":""},"tablet":{"background-color":"","background-image":"","background-repeat":"repeat","background-position":"center center","background-size":"auto","background-attachment":"scroll","background-type":"","background-media":"","overlay-type":"","overlay-color":"","overlay-opacity":"","overlay-gradient":""},"mobile":{"background-color":"","background-image":"","background-repeat":"repeat","background-position":"center center","background-size":"auto","background-attachment":"scroll","background-type":"","background-media":"","overlay-type":"","overlay-color":"","overlay-opacity":"","overlay-gradient":""}},"ast-content-background-meta":{"desktop":{"background-color":"var(--ast-global-color-5)","background-image":"","background-repeat":"repeat","background-position":"center center","background-size":"auto","background-attachment":"scroll","background-type":"","background-media":"","overlay-type":"","overlay-color":"","overlay-opacity":"","overlay-gradient":""},"tablet":{"background-color":"var(--ast-global-color-5)","background-image":"","background-repeat":"repeat","background-position":"center center","background-size":"auto","background-attachment":"scroll","background-type":"","background-media":"","overlay-type":"","overlay-color":"","overlay-opacity":"","overlay-gradient":""},"mobile":{"background-color":"var(--ast-global-color-5)","background-image":"","background-repeat":"repeat","background-position":"center center","background-size":"auto","background-attachment":"scroll","background-type":"","background-media":"","overlay-type":"","overlay-color":"","overlay-opacity":"","overlay-gradient":""}},"footnotes":""},"class_list":["post-2592","page","type-page","status-publish","hentry"],"yoast_head":"<!-- This site is optimized with the Yoast SEO plugin v27.5 - https:\/\/yoast.com\/product\/yoast-seo-wordpress\/ -->\n<title>Kontakt - ARmuseum<\/title>\n<meta name=\"description\" content=\"Kontakt podaci za projekt \u201cRazvoj i demonstracija aplikacije za muzejske informacijske usluge temeljene na klju\u010dnim tehnologijama oboga\u0107ene stvarnosti (AR) i 4G\/5G mre\u017ei\u201d\" \/>\n<meta name=\"robots\" content=\"index, follow, max-snippet:-1, max-image-preview:large, max-video-preview:-1\" \/>\n<link rel=\"canonical\" href=\"https:\/\/armuseum.com.hr\/hr\/kontakt\/\" \/>\n<meta property=\"og:locale\" content=\"hr_HR\" \/>\n<meta property=\"og:type\" content=\"article\" \/>\n<meta property=\"og:title\" content=\"Kontakt - ARmuseum\" \/>\n<meta property=\"og:description\" content=\"Kontakt podaci za projekt \u201cRazvoj i demonstracija aplikacije za muzejske informacijske usluge temeljene na klju\u010dnim tehnologijama oboga\u0107ene stvarnosti (AR) i 4G\/5G mre\u017ei\u201d\" \/>\n<meta property=\"og:url\" content=\"https:\/\/armuseum.com.hr\/hr\/kontakt\/\" \/>\n<meta property=\"og:site_name\" content=\"ARmuseum\" \/>\n<meta property=\"article:modified_time\" content=\"2022-07-26T20:05:07+00:00\" \/>\n<meta name=\"twitter:card\" content=\"summary_large_image\" \/>\n<script type=\"application\/ld+json\" class=\"yoast-schema-graph\">{\"@context\":\"https:\\\/\\\/schema.org\",\"@graph\":[{\"@type\":\"WebPage\",\"@id\":\"https:\\\/\\\/armuseum.com.hr\\\/hr\\\/kontakt\\\/\",\"url\":\"https:\\\/\\\/armuseum.com.hr\\\/hr\\\/kontakt\\\/\",\"name\":\"Kontakt - ARmuseum\",\"isPartOf\":{\"@id\":\"https:\\\/\\\/armuseum.com.hr\\\/hr\\\/#website\"},\"datePublished\":\"2020-12-17T01:48:43+00:00\",\"dateModified\":\"2022-07-26T20:05:07+00:00\",\"description\":\"Kontakt podaci za projekt \u201cRazvoj i demonstracija aplikacije za muzejske informacijske usluge temeljene na klju\u010dnim tehnologijama oboga\u0107ene stvarnosti (AR) i 4G\\\/5G mre\u017ei\u201d\",\"breadcrumb\":{\"@id\":\"https:\\\/\\\/armuseum.com.hr\\\/hr\\\/kontakt\\\/#breadcrumb\"},\"inLanguage\":\"hr\",\"potentialAction\":[{\"@type\":\"ReadAction\",\"target\":[\"https:\\\/\\\/armuseum.com.hr\\\/hr\\\/kontakt\\\/\"]}]},{\"@type\":\"BreadcrumbList\",\"@id\":\"https:\\\/\\\/armuseum.com.hr\\\/hr\\\/kontakt\\\/#breadcrumb\",\"itemListElement\":[{\"@type\":\"ListItem\",\"position\":1,\"name\":\"Home\",\"item\":\"https:\\\/\\\/armuseum.com.hr\\\/hr\\\/pocetna\\\/\"},{\"@type\":\"ListItem\",\"position\":2,\"name\":\"Kontakt\"}]},{\"@type\":\"WebSite\",\"@id\":\"https:\\\/\\\/armuseum.com.hr\\\/hr\\\/#website\",\"url\":\"https:\\\/\\\/armuseum.com.hr\\\/hr\\\/\",\"name\":\"ARmuseum\",\"description\":\"Research and Application Demonstration on Key Technologies of AR Information Service in Museum Based on 4G\\\/5G\",\"publisher\":{\"@id\":\"https:\\\/\\\/armuseum.com.hr\\\/hr\\\/#organization\"},\"potentialAction\":[{\"@type\":\"SearchAction\",\"target\":{\"@type\":\"EntryPoint\",\"urlTemplate\":\"https:\\\/\\\/armuseum.com.hr\\\/hr\\\/?s={search_term_string}\"},\"query-input\":{\"@type\":\"PropertyValueSpecification\",\"valueRequired\":true,\"valueName\":\"search_term_string\"}}],\"inLanguage\":\"hr\"},{\"@type\":\"Organization\",\"@id\":\"https:\\\/\\\/armuseum.com.hr\\\/hr\\\/#organization\",\"name\":\"Razvoj i demonstracija aplikacije za muzejske informacijske usluge temeljene na klju\u010dnim tehnologijama oboga\u0107ene stvarnosti (AR) i 4G\\\/5G mre\u017ei\",\"url\":\"https:\\\/\\\/armuseum.com.hr\\\/hr\\\/\",\"logo\":{\"@type\":\"ImageObject\",\"inLanguage\":\"hr\",\"@id\":\"https:\\\/\\\/armuseum.com.hr\\\/hr\\\/#\\\/schema\\\/logo\\\/image\\\/\",\"url\":\"https:\\\/\\\/armuseum.com.hr\\\/wp-content\\\/uploads\\\/2022\\\/07\\\/armuseum-f2.png\",\"contentUrl\":\"https:\\\/\\\/armuseum.com.hr\\\/wp-content\\\/uploads\\\/2022\\\/07\\\/armuseum-f2.png\",\"width\":297,\"height\":297,\"caption\":\"Razvoj i demonstracija aplikacije za muzejske informacijske usluge temeljene na klju\u010dnim tehnologijama oboga\u0107ene stvarnosti (AR) i 4G\\\/5G mre\u017ei\"},\"image\":{\"@id\":\"https:\\\/\\\/armuseum.com.hr\\\/hr\\\/#\\\/schema\\\/logo\\\/image\\\/\"}}]}<\/script>\n<!-- \/ Yoast SEO plugin. -->","yoast_head_json":{"title":"Kontakt - ARmuseum","description":"Kontakt podaci za projekt \u201cRazvoj i demonstracija aplikacije za muzejske informacijske usluge temeljene na klju\u010dnim tehnologijama oboga\u0107ene stvarnosti (AR) i 4G\/5G mre\u017ei\u201d","robots":{"index":"index","follow":"follow","max-snippet":"max-snippet:-1","max-image-preview":"max-image-preview:large","max-video-preview":"max-video-preview:-1"},"canonical":"https:\/\/armuseum.com.hr\/hr\/kontakt\/","og_locale":"hr_HR","og_type":"article","og_title":"Kontakt - ARmuseum","og_description":"Kontakt podaci za projekt \u201cRazvoj i demonstracija aplikacije za muzejske informacijske usluge temeljene na klju\u010dnim tehnologijama oboga\u0107ene stvarnosti (AR) i 4G\/5G mre\u017ei\u201d","og_url":"https:\/\/armuseum.com.hr\/hr\/kontakt\/","og_site_name":"ARmuseum","article_modified_time":"2022-07-26T20:05:07+00:00","twitter_card":"summary_large_image","schema":{"@context":"https:\/\/schema.org","@graph":[{"@type":"WebPage","@id":"https:\/\/armuseum.com.hr\/hr\/kontakt\/","url":"https:\/\/armuseum.com.hr\/hr\/kontakt\/","name":"Kontakt - ARmuseum","isPartOf":{"@id":"https:\/\/armuseum.com.hr\/hr\/#website"},"datePublished":"2020-12-17T01:48:43+00:00","dateModified":"2022-07-26T20:05:07+00:00","description":"Kontakt podaci za projekt \u201cRazvoj i demonstracija aplikacije za muzejske informacijske usluge temeljene na klju\u010dnim tehnologijama oboga\u0107ene stvarnosti (AR) i 4G\/5G mre\u017ei\u201d","breadcrumb":{"@id":"https:\/\/armuseum.com.hr\/hr\/kontakt\/#breadcrumb"},"inLanguage":"hr","potentialAction":[{"@type":"ReadAction","target":["https:\/\/armuseum.com.hr\/hr\/kontakt\/"]}]},{"@type":"BreadcrumbList","@id":"https:\/\/armuseum.com.hr\/hr\/kontakt\/#breadcrumb","itemListElement":[{"@type":"ListItem","position":1,"name":"Home","item":"https:\/\/armuseum.com.hr\/hr\/pocetna\/"},{"@type":"ListItem","position":2,"name":"Kontakt"}]},{"@type":"WebSite","@id":"https:\/\/armuseum.com.hr\/hr\/#website","url":"https:\/\/armuseum.com.hr\/hr\/","name":"ARmuseum","description":"Research and Application Demonstration on Key Technologies of AR Information Service in Museum Based on 4G\/5G","publisher":{"@id":"https:\/\/armuseum.com.hr\/hr\/#organization"},"potentialAction":[{"@type":"SearchAction","target":{"@type":"EntryPoint","urlTemplate":"https:\/\/armuseum.com.hr\/hr\/?s={search_term_string}"},"query-input":{"@type":"PropertyValueSpecification","valueRequired":true,"valueName":"search_term_string"}}],"inLanguage":"hr"},{"@type":"Organization","@id":"https:\/\/armuseum.com.hr\/hr\/#organization","name":"Razvoj i demonstracija aplikacije za muzejske informacijske usluge temeljene na klju\u010dnim tehnologijama oboga\u0107ene stvarnosti (AR) i 4G\/5G mre\u017ei","url":"https:\/\/armuseum.com.hr\/hr\/","logo":{"@type":"ImageObject","inLanguage":"hr","@id":"https:\/\/armuseum.com.hr\/hr\/#\/schema\/logo\/image\/","url":"https:\/\/armuseum.com.hr\/wp-content\/uploads\/2022\/07\/armuseum-f2.png","contentUrl":"https:\/\/armuseum.com.hr\/wp-content\/uploads\/2022\/07\/armuseum-f2.png","width":297,"height":297,"caption":"Razvoj i demonstracija aplikacije za muzejske informacijske usluge temeljene na klju\u010dnim tehnologijama oboga\u0107ene stvarnosti (AR) i 4G\/5G mre\u017ei"},"image":{"@id":"https:\/\/armuseum.com.hr\/hr\/#\/schema\/logo\/image\/"}}]}},"_links":{"self":[{"href":"https:\/\/armuseum.com.hr\/hr\/wp-json\/wp\/v2\/pages\/2592","targetHints":{"allow":["GET"]}}],"collection":[{"href":"https:\/\/armuseum.com.hr\/hr\/wp-json\/wp\/v2\/pages"}],"about":[{"href":"https:\/\/armuseum.com.hr\/hr\/wp-json\/wp\/v2\/types\/page"}],"author":[{"embeddable":true,"href":"https:\/\/armuseum.com.hr\/hr\/wp-json\/wp\/v2\/users\/1"}],"replies":[{"embeddable":true,"href":"https:\/\/armuseum.com.hr\/hr\/wp-json\/wp\/v2\/comments?post=2592"}],"version-history":[{"count":8,"href":"https:\/\/armuseum.com.hr\/hr\/wp-json\/wp\/v2\/pages\/2592\/revisions"}],"predecessor-version":[{"id":2609,"href":"https:\/\/armuseum.com.hr\/hr\/wp-json\/wp\/v2\/pages\/2592\/revisions\/2609"}],"wp:attachment":[{"href":"https:\/\/armuseum.com.hr\/hr\/wp-json\/wp\/v2\/media?parent=2592"}],"curies":[{"name":"wp","href":"https:\/\/api.w.org\/{rel}","templated":true}]}}